{"id":612,"date":"2016-10-30T06:30:23","date_gmt":"2016-10-30T05:30:23","guid":{"rendered":"http:\/\/www.absoft.it\/blog\/?page_id=612"},"modified":"2017-02-19T03:32:28","modified_gmt":"2017-02-19T02:32:28","slug":"video-demand-istruzioni","status":"publish","type":"page","link":"https:\/\/www.absoft.it\/blog\/video-demand-istruzioni\/","title":{"rendered":"Video On Demand Istruzioni"},"content":{"rendered":"<p style=\"text-align: justify;\"><strong><img loading=\"lazy\" decoding=\"async\" class=\"wp-image-491 alignleft\" src=\"http:\/\/www.absoft.it\/blog\/wp-content\/uploads\/2016\/10\/Vod.png\" alt=\"vod\" width=\"144\" height=\"144\" srcset=\"https:\/\/www.absoft.it\/blog\/wp-content\/uploads\/2016\/10\/Vod.png 320w, https:\/\/www.absoft.it\/blog\/wp-content\/uploads\/2016\/10\/Vod-150x150.png 150w, https:\/\/www.absoft.it\/blog\/wp-content\/uploads\/2016\/10\/Vod-160x160.png 160w\" sizes=\"auto, (max-width: 144px) 100vw, 144px\" \/>Alcuni video vengono editati di mia iniziativa, spinto da quello che vedo sui pc dei clienti, per alcuni altri invece mi vengono fatte specifiche richieste, tra le pi\u00f9 svariate, a partire da certe problematiche legate alle pagine facebook, ad alcune procedure di settaggio da eseguire sul sistema operativo, fino a chiarimenti il pi\u00f9 possibile esplicativi legati alla grafica avanzata bitmap o vettoriale e non per ultimo il video editing.<\/strong><br \/>\n<strong>I costi possono variare a seconda dell\u2019argomento della complessit\u00e0 e della durata del video compresa la necessit\u00e0 qualche volta di eseguire riprese con videocamera semiprofessionale\u00a0 di lavorazioni artigianali oppure di interni di abitazioni a scopo di marketing mirati su web del settore.<\/strong><br \/>\n<strong>Molti di questi video una volta finiti vengono messi a disposizione esclusiva del cliente, previo pagamento di un compenso concordato, pubblicati sul suo profilo facebook\u00a0 in modalit\u00e0 \u201cprivacy personalizzata\u201d\u00a0 in modo che possano vederli solo loro ed\u00a0 eventualmente altri utenti che successivamente hanno eseguito un pagamento per quel video.<\/strong><\/p>\n<p><img loading=\"lazy\" decoding=\"async\" class=\"alignnone size-full wp-image-614\" src=\"http:\/\/www.absoft.it\/blog\/wp-content\/uploads\/2016\/10\/privacy.png\" alt=\"privacy\" width=\"401\" height=\"172\" srcset=\"https:\/\/www.absoft.it\/blog\/wp-content\/uploads\/2016\/10\/privacy.png 401w, https:\/\/www.absoft.it\/blog\/wp-content\/uploads\/2016\/10\/privacy-150x64.png 150w\" sizes=\"auto, (max-width: 401px) 100vw, 401px\" \/><\/p>\n<p style=\"text-align: justify;\"><strong>In modalit\u00e0 \u201cprivacy personalizzata&#8221; il cliente autorizzato non pu\u00f2 nemmeno condividere il video con un amico della sua lista in quanto\u00a0 sarebbe inutile dal momento che la privacy autorizza solo il suo profilo.<\/strong><br \/>\n<strong>in questo modo il video \u00e8 protetto dalla libera diffusone e quindi rivendibile a chi corrisponde un pagamento.<\/strong><br \/>\n<strong>La richiesta pu\u00f2 avvenire si tramite facebook, oppure via email cercando di essere il pi\u00f9 chiari possibile nel giro di un periodo di tempo relativamente breve il video manuale sar\u00e0 pronto alla visione su un profilo facebook personale.<\/strong><br \/>\n<strong>E se il cliente non ha facebook e per giunta nutre una forte antipatia per questo il social network?<\/strong><br \/>\n<strong>Nessun problema,\u00a0 o il cliente sotto la mia guida provveder\u00e0\u00a0 a crearsi un profilo molto privato con delle caratteristiche e impostazioni utili solo alle comunicazioni con me oppure verr\u00e0 creato account facebook temporaneo con nuova email e password che verranno comunicate al cliente in tempi record una volta visto il video l\u2019account viene disattivato oppure viene cambiata la password di accesso per rendere il profilo di nuovo utilizzabile da altro cliente.<\/strong><\/p>\n<p><b><span style=\"color: #00ffff; font-family: Arial Rounded MT;\"><span style=\"color: #000000;\">Admin Absoft<\/span><\/span><\/b><\/p>\n<p><span style=\"font-size: 24px;\"><b><span style=\"color: #00ffff; font-family: Arial Rounded MT;\"><span style=\"color: #000000;\">Per qualsiasi dubbio, <a href=\"http:\/\/www.absoft.it\/blog\/contact\/\">contattami<\/a><\/span><\/span><\/b><\/span><span style=\"color: #000000;\"><span style=\"font-size: 24px;\"><b><span style=\"font-family: Arial Rounded MT;\"><br \/>\n<\/span><\/b><\/span><\/span><span style=\"font-family: Verdana; color: #0000ff;\"><b><a style=\"color: #0000ff; text-decoration: none;\" href=\"http:\/\/www.facebook.com\/alberto.bis\" target=\"_blank\"><span style=\"font-size: large;\">Contatto FaceBook<\/span><\/a><\/b><\/span><span style=\"color: #00ffff; font-family: Arial Rounded MT;\"><b><br \/>\n<\/b><\/span><\/p>\n","protected":false},"excerpt":{"rendered":"<p>Alcuni video vengono editati di mia iniziativa, spinto da quello che vedo sui pc dei clienti, per alcuni altri invece mi vengono fatte specifiche richieste, tra le pi\u00f9 svariate, a&#46;&#46;&#46;<\/p>\n","protected":false},"author":1,"featured_media":491,"parent":0,"menu_order":0,"comment_status":"closed","ping_status":"closed","template":"","meta":{"jetpack_post_was_ever_published":false,"footnotes":""},"categories":[],"tags":[],"class_list":["post-612","page","type-page","status-publish","has-post-thumbnail","hentry"],"yoast_head":"<!-- This site is optimized with the Yoast SEO plugin v27.1.1 - https:\/\/yoast.com\/product\/yoast-seo-wordpress\/ -->\r\n<title>Video On Demand Istruzioni - Absoft.it - Consulenze informatiche<\/title>\r\n<meta name=\"robots\" content=\"index, follow, max-snippet:-1, max-image-preview:large, max-video-preview:-1\" \/>\r\n<link rel=\"canonical\" href=\"https:\/\/www.absoft.it\/blog\/video-demand-istruzioni\/\" \/>\r\n<meta property=\"og:locale\" content=\"it_IT\" \/>\r\n<meta property=\"og:type\" content=\"article\" \/>\r\n<meta property=\"og:title\" content=\"Video On Demand Istruzioni - Absoft.it - Consulenze informatiche\" \/>\r\n<meta property=\"og:description\" content=\"Alcuni video vengono editati di mia iniziativa, spinto da quello che vedo sui pc dei clienti, per alcuni altri invece mi vengono fatte specifiche richieste, tra le pi\u00f9 svariate, a&#046;&#046;&#046;\" \/>\r\n<meta property=\"og:url\" content=\"https:\/\/www.absoft.it\/blog\/video-demand-istruzioni\/\" \/>\r\n<meta property=\"og:site_name\" content=\"Absoft.it - Consulenze informatiche\" \/>\r\n<meta property=\"article:publisher\" content=\"https:\/\/www.facebook.com\/Absoft.it\/\" \/>\r\n<meta property=\"article:modified_time\" content=\"2017-02-19T02:32:28+00:00\" \/>\r\n<meta property=\"og:image\" content=\"https:\/\/www.absoft.it\/blog\/wp-content\/uploads\/2016\/10\/Vod.png\" \/>\r\n\t<meta property=\"og:image:width\" content=\"320\" \/>\r\n\t<meta property=\"og:image:height\" content=\"320\" \/>\r\n\t<meta property=\"og:image:type\" content=\"image\/png\" \/>\r\n<meta name=\"twitter:card\" content=\"summary_large_image\" \/>\r\n<meta name=\"twitter:label1\" content=\"Tempo di lettura stimato\" \/>\n\t<meta name=\"twitter:data1\" content=\"2 minuti\" \/>\r\n<script type=\"application\/ld+json\" class=\"yoast-schema-graph\">{\"@context\":\"https:\/\/schema.org\",\"@graph\":[{\"@type\":\"WebPage\",\"@id\":\"https:\/\/www.absoft.it\/blog\/video-demand-istruzioni\/\",\"url\":\"https:\/\/www.absoft.it\/blog\/video-demand-istruzioni\/\",\"name\":\"Video On Demand Istruzioni - Absoft.it - Consulenze informatiche\",\"isPartOf\":{\"@id\":\"https:\/\/www.absoft.it\/blog\/#website\"},\"primaryImageOfPage\":{\"@id\":\"https:\/\/www.absoft.it\/blog\/video-demand-istruzioni\/#primaryimage\"},\"image\":{\"@id\":\"https:\/\/www.absoft.it\/blog\/video-demand-istruzioni\/#primaryimage\"},\"thumbnailUrl\":\"https:\/\/www.absoft.it\/blog\/wp-content\/uploads\/2016\/10\/Vod.png\",\"datePublished\":\"2016-10-30T05:30:23+00:00\",\"dateModified\":\"2017-02-19T02:32:28+00:00\",\"breadcrumb\":{\"@id\":\"https:\/\/www.absoft.it\/blog\/video-demand-istruzioni\/#breadcrumb\"},\"inLanguage\":\"it-IT\",\"potentialAction\":[{\"@type\":\"ReadAction\",\"target\":[\"https:\/\/www.absoft.it\/blog\/video-demand-istruzioni\/\"]}]},{\"@type\":\"ImageObject\",\"inLanguage\":\"it-IT\",\"@id\":\"https:\/\/www.absoft.it\/blog\/video-demand-istruzioni\/#primaryimage\",\"url\":\"https:\/\/www.absoft.it\/blog\/wp-content\/uploads\/2016\/10\/Vod.png\",\"contentUrl\":\"https:\/\/www.absoft.it\/blog\/wp-content\/uploads\/2016\/10\/Vod.png\",\"width\":320,\"height\":320},{\"@type\":\"BreadcrumbList\",\"@id\":\"https:\/\/www.absoft.it\/blog\/video-demand-istruzioni\/#breadcrumb\",\"itemListElement\":[{\"@type\":\"ListItem\",\"position\":1,\"name\":\"Home\",\"item\":\"https:\/\/www.absoft.it\/blog\/\"},{\"@type\":\"ListItem\",\"position\":2,\"name\":\"Video On Demand Istruzioni\"}]},{\"@type\":\"WebSite\",\"@id\":\"https:\/\/www.absoft.it\/blog\/#website\",\"url\":\"https:\/\/www.absoft.it\/blog\/\",\"name\":\"Absoft.it - Consulenze informatiche\",\"description\":\"Informatica - web - e dintorni\",\"publisher\":{\"@id\":\"https:\/\/www.absoft.it\/blog\/#organization\"},\"potentialAction\":[{\"@type\":\"SearchAction\",\"target\":{\"@type\":\"EntryPoint\",\"urlTemplate\":\"https:\/\/www.absoft.it\/blog\/?s={search_term_string}\"},\"query-input\":{\"@type\":\"PropertyValueSpecification\",\"valueRequired\":true,\"valueName\":\"search_term_string\"}}],\"inLanguage\":\"it-IT\"},{\"@type\":\"Organization\",\"@id\":\"https:\/\/www.absoft.it\/blog\/#organization\",\"name\":\"Absoft\",\"url\":\"https:\/\/www.absoft.it\/blog\/\",\"logo\":{\"@type\":\"ImageObject\",\"inLanguage\":\"it-IT\",\"@id\":\"https:\/\/www.absoft.it\/blog\/#\/schema\/logo\/image\/\",\"url\":\"https:\/\/www.absoft.it\/blog\/wp-content\/uploads\/2016\/10\/cropped-logo2blog.jpg\",\"contentUrl\":\"https:\/\/www.absoft.it\/blog\/wp-content\/uploads\/2016\/10\/cropped-logo2blog.jpg\",\"width\":512,\"height\":267,\"caption\":\"Absoft\"},\"image\":{\"@id\":\"https:\/\/www.absoft.it\/blog\/#\/schema\/logo\/image\/\"},\"sameAs\":[\"https:\/\/www.facebook.com\/Absoft.it\/\"]}]}<\/script>\r\n<!-- \/ Yoast SEO plugin. -->","yoast_head_json":{"title":"Video On Demand Istruzioni - Absoft.it - Consulenze informatiche","robots":{"index":"index","follow":"follow","max-snippet":"max-snippet:-1","max-image-preview":"max-image-preview:large","max-video-preview":"max-video-preview:-1"},"canonical":"https:\/\/www.absoft.it\/blog\/video-demand-istruzioni\/","og_locale":"it_IT","og_type":"article","og_title":"Video On Demand Istruzioni - Absoft.it - Consulenze informatiche","og_description":"Alcuni video vengono editati di mia iniziativa, spinto da quello che vedo sui pc dei clienti, per alcuni altri invece mi vengono fatte specifiche richieste, tra le pi\u00f9 svariate, a&#46;&#46;&#46;","og_url":"https:\/\/www.absoft.it\/blog\/video-demand-istruzioni\/","og_site_name":"Absoft.it - Consulenze informatiche","article_publisher":"https:\/\/www.facebook.com\/Absoft.it\/","article_modified_time":"2017-02-19T02:32:28+00:00","og_image":[{"width":320,"height":320,"url":"https:\/\/www.absoft.it\/blog\/wp-content\/uploads\/2016\/10\/Vod.png","type":"image\/png"}],"twitter_card":"summary_large_image","twitter_misc":{"Tempo di lettura stimato":"2 minuti"},"schema":{"@context":"https:\/\/schema.org","@graph":[{"@type":"WebPage","@id":"https:\/\/www.absoft.it\/blog\/video-demand-istruzioni\/","url":"https:\/\/www.absoft.it\/blog\/video-demand-istruzioni\/","name":"Video On Demand Istruzioni - Absoft.it - Consulenze informatiche","isPartOf":{"@id":"https:\/\/www.absoft.it\/blog\/#website"},"primaryImageOfPage":{"@id":"https:\/\/www.absoft.it\/blog\/video-demand-istruzioni\/#primaryimage"},"image":{"@id":"https:\/\/www.absoft.it\/blog\/video-demand-istruzioni\/#primaryimage"},"thumbnailUrl":"https:\/\/www.absoft.it\/blog\/wp-content\/uploads\/2016\/10\/Vod.png","datePublished":"2016-10-30T05:30:23+00:00","dateModified":"2017-02-19T02:32:28+00:00","breadcrumb":{"@id":"https:\/\/www.absoft.it\/blog\/video-demand-istruzioni\/#breadcrumb"},"inLanguage":"it-IT","potentialAction":[{"@type":"ReadAction","target":["https:\/\/www.absoft.it\/blog\/video-demand-istruzioni\/"]}]},{"@type":"ImageObject","inLanguage":"it-IT","@id":"https:\/\/www.absoft.it\/blog\/video-demand-istruzioni\/#primaryimage","url":"https:\/\/www.absoft.it\/blog\/wp-content\/uploads\/2016\/10\/Vod.png","contentUrl":"https:\/\/www.absoft.it\/blog\/wp-content\/uploads\/2016\/10\/Vod.png","width":320,"height":320},{"@type":"BreadcrumbList","@id":"https:\/\/www.absoft.it\/blog\/video-demand-istruzioni\/#breadcrumb","itemListElement":[{"@type":"ListItem","position":1,"name":"Home","item":"https:\/\/www.absoft.it\/blog\/"},{"@type":"ListItem","position":2,"name":"Video On Demand Istruzioni"}]},{"@type":"WebSite","@id":"https:\/\/www.absoft.it\/blog\/#website","url":"https:\/\/www.absoft.it\/blog\/","name":"Absoft.it - Consulenze informatiche","description":"Informatica - web - e dintorni","publisher":{"@id":"https:\/\/www.absoft.it\/blog\/#organization"},"potentialAction":[{"@type":"SearchAction","target":{"@type":"EntryPoint","urlTemplate":"https:\/\/www.absoft.it\/blog\/?s={search_term_string}"},"query-input":{"@type":"PropertyValueSpecification","valueRequired":true,"valueName":"search_term_string"}}],"inLanguage":"it-IT"},{"@type":"Organization","@id":"https:\/\/www.absoft.it\/blog\/#organization","name":"Absoft","url":"https:\/\/www.absoft.it\/blog\/","logo":{"@type":"ImageObject","inLanguage":"it-IT","@id":"https:\/\/www.absoft.it\/blog\/#\/schema\/logo\/image\/","url":"https:\/\/www.absoft.it\/blog\/wp-content\/uploads\/2016\/10\/cropped-logo2blog.jpg","contentUrl":"https:\/\/www.absoft.it\/blog\/wp-content\/uploads\/2016\/10\/cropped-logo2blog.jpg","width":512,"height":267,"caption":"Absoft"},"image":{"@id":"https:\/\/www.absoft.it\/blog\/#\/schema\/logo\/image\/"},"sameAs":["https:\/\/www.facebook.com\/Absoft.it\/"]}]}},"wps_subtitle":"","jetpack_shortlink":"https:\/\/wp.me\/P83hbU-9S","jetpack-related-posts":[{"id":4614,"url":"https:\/\/www.absoft.it\/blog\/privacy-policy\/","url_meta":{"origin":612,"position":0},"title":"Privacy policy","author":"Absoft","date":"04\/10\/2019","format":false,"excerpt":"Privacy policy\u00a0\u00a0 -\u00a0\u00a0 Cookie policy Privacy policy. La presente informativa viene resa in ossequio all\u2019art. 13 del Regolamento 2016\/679 (GDPR), ai sensi dell\u2019art. 13 del d.lgs. n. 196\/2003 (Codice in materia di protezione dei dati personali) e spiega agli utenti che accedono al sito web https:\/\/www.ABSOFT.IT. come vengono trattati i\u2026","rel":"","context":"Articolo simile","block_context":{"text":"Articolo simile","link":""},"img":{"alt_text":"","src":"https:\/\/i2.wp.com\/www.bookingportoercole.it\/wp-content\/uploads\/2019\/09\/nome-e-indirizzo.png?resize=350%2C200&ssl=1","width":350,"height":200},"classes":[]},{"id":4639,"url":"https:\/\/www.absoft.it\/blog\/cookie-policy\/","url_meta":{"origin":612,"position":1},"title":"Cookie policy","author":"Absoft","date":"04\/10\/2019","format":false,"excerpt":"Cookie policy Questa dichiarazione sui cookie \u00e8 stata aggiornata per l'ultima volta il 04\/10\/2019 e si applica ai cittadini dell'Aera Economica Europea 1 Introduzione Il nostro sito web, https:\/\/www.absoft.it\/blog (di seguito: \"il sito web\") utilizza i cookie e altre tecnologie correlate (per comodit\u00e0 tutte le tecnologie sono definite \"cookie\"). I\u2026","rel":"","context":"Articolo simile","block_context":{"text":"Articolo simile","link":""},"img":{"alt_text":"","src":"","width":0,"height":0},"classes":[]},{"id":1140,"url":"https:\/\/www.absoft.it\/blog\/firefox-componenti-aggiuntivi\/","url_meta":{"origin":612,"position":2},"title":"Firefox &#8211; Componenti Aggiuntivi","author":"Absoft","date":"07\/11\/2016","format":false,"excerpt":"Firefox Componenti Aggiuntivi Firefox Componenti Aggiuntivi.(Agg. 08-05-2019) Vediamo quali sono le estensioni, addons, plugins di Firefox pi\u00f9 popolari e pi\u00f9 utili. Un elenco dei componenti aggiuntivi naturalmente si raggiunge anche dal menu strumenti, per default compare la pagina di quelli installati, selezionando componenti aggiuntivi disponibili si pu\u00f2 effettuare una ricerca,\u2026","rel":"","context":"In &quot;Firefox tips and tricks&quot;","block_context":{"text":"Firefox tips and tricks","link":"https:\/\/www.absoft.it\/blog\/category\/firefox-tips-and-tricks\/"},"img":{"alt_text":"Firefox Componenti Aggiuntivi","src":"https:\/\/i0.wp.com\/www.absoft.it\/blog\/wp-content\/uploads\/2016\/11\/firefox-addon-150x144.jpg?resize=350%2C200","width":350,"height":200},"classes":[]},{"id":685,"url":"https:\/\/www.absoft.it\/blog\/miei-portable-preferiti\/","url_meta":{"origin":612,"position":3},"title":"I miei Portable preferiti","author":"Absoft","date":"13\/11\/2016","format":false,"excerpt":"Software Portable Preferiti e consigliati (agg. 20-07-17) Portable Preferiti Utilities Varie - System Utilities - Internet Grafica - Multimedia - Sicurezza - Network ----------- Installa Winrar Software portable preferiti UTILITIES VARIE\u00a0\u00a0 Portable Preferiti top Nome: libreoffice portable Web site:www.libreoffice.org Categoria: suite di programmi alternativi al Pacchetto Office (freeware) Descrizione: Ottimo\u2026","rel":"","context":"Articolo simile","block_context":{"text":"Articolo simile","link":""},"img":{"alt_text":"I miei Portable preferiti","src":"https:\/\/i0.wp.com\/www.absoft.it\/blog\/wp-content\/uploads\/2016\/10\/portable.jpg?resize=350%2C200&ssl=1","width":350,"height":200},"classes":[]},{"id":8424,"url":"https:\/\/www.absoft.it\/blog\/strumenti-informatica\/","url_meta":{"origin":612,"position":4},"title":"strumenti-informatica","author":"Absoft","date":"08\/03\/2026","format":false,"excerpt":"Strumenti informatici e dispositivi utilizzati nel laboratorio In questa pagina raccolgo alcuni strumenti informatici che utilizzo nel laboratorio ABSoft per lavoro, test e installazioni. Sono strumenti informatici e dispositivi che utilizzo realmente o che ho installato durante lavori e progetti tecnici. \u27a1per altri prodotti per la casa e fai da\u2026","rel":"","context":"Articolo simile","block_context":{"text":"Articolo simile","link":""},"img":{"alt_text":"Strumenti informatici utilizzati nel laboratorio ABSoft","src":"https:\/\/i0.wp.com\/www.absoft.it\/blog\/wp-content\/uploads\/2026\/03\/strumenti-laboratorio-informatico-absoft-1.png?resize=350%2C200&ssl=1","width":350,"height":200,"srcset":"https:\/\/i0.wp.com\/www.absoft.it\/blog\/wp-content\/uploads\/2026\/03\/strumenti-laboratorio-informatico-absoft-1.png?resize=350%2C200&ssl=1 1x, https:\/\/i0.wp.com\/www.absoft.it\/blog\/wp-content\/uploads\/2026\/03\/strumenti-laboratorio-informatico-absoft-1.png?resize=525%2C300&ssl=1 1.5x, https:\/\/i0.wp.com\/www.absoft.it\/blog\/wp-content\/uploads\/2026\/03\/strumenti-laboratorio-informatico-absoft-1.png?resize=700%2C400&ssl=1 2x, https:\/\/i0.wp.com\/www.absoft.it\/blog\/wp-content\/uploads\/2026\/03\/strumenti-laboratorio-informatico-absoft-1.png?resize=1050%2C600&ssl=1 3x"},"classes":[]},{"id":158,"url":"https:\/\/www.absoft.it\/blog\/assistenza-remota\/","url_meta":{"origin":612,"position":5},"title":"Assistenza Remota &#8211; Absoft.it","author":"Absoft","date":"25\/10\/2016","format":false,"excerpt":"Assistenza Remota\u00a0 \u00a0Any desk\u00a0 -\u00a0 \u00a0Supremo Absoft \u00e8 in grado di darvi assistenza remota ed intervenire sul vostro pc senza venire a casa vostra o nel vostro ufficio. Puoi contattarmi via facebook , oppure compilando la form. Per ricevere assistenza remota si possono usare diversi programmi freeware o a pagamento,\u2026","rel":"","context":"In &quot;Informatica&quot;","block_context":{"text":"Informatica","link":"https:\/\/www.absoft.it\/blog\/category\/informatica\/"},"img":{"alt_text":"Assistenza Remota \u2013 Absoft.it","src":"https:\/\/i0.wp.com\/www.absoft.it\/blog\/wp-content\/uploads\/2019\/02\/AR.png?resize=350%2C200&ssl=1","width":350,"height":200,"srcset":"https:\/\/i0.wp.com\/www.absoft.it\/blog\/wp-content\/uploads\/2019\/02\/AR.png?resize=350%2C200&ssl=1 1x, https:\/\/i0.wp.com\/www.absoft.it\/blog\/wp-content\/uploads\/2019\/02\/AR.png?resize=525%2C300&ssl=1 1.5x, https:\/\/i0.wp.com\/www.absoft.it\/blog\/wp-content\/uploads\/2019\/02\/AR.png?resize=700%2C400&ssl=1 2x, https:\/\/i0.wp.com\/www.absoft.it\/blog\/wp-content\/uploads\/2019\/02\/AR.png?resize=1050%2C600&ssl=1 3x"},"classes":[]}],"jetpack_sharing_enabled":true,"_links":{"self":[{"href":"https:\/\/www.absoft.it\/blog\/wp-json\/wp\/v2\/pages\/612","targetHints":{"allow":["GET"]}}],"collection":[{"href":"https:\/\/www.absoft.it\/blog\/wp-json\/wp\/v2\/pages"}],"about":[{"href":"https:\/\/www.absoft.it\/blog\/wp-json\/wp\/v2\/types\/page"}],"author":[{"embeddable":true,"href":"https:\/\/www.absoft.it\/blog\/wp-json\/wp\/v2\/users\/1"}],"replies":[{"embeddable":true,"href":"https:\/\/www.absoft.it\/blog\/wp-json\/wp\/v2\/comments?post=612"}],"version-history":[{"count":2,"href":"https:\/\/www.absoft.it\/blog\/wp-json\/wp\/v2\/pages\/612\/revisions"}],"predecessor-version":[{"id":2111,"href":"https:\/\/www.absoft.it\/blog\/wp-json\/wp\/v2\/pages\/612\/revisions\/2111"}],"wp:featuredmedia":[{"embeddable":true,"href":"https:\/\/www.absoft.it\/blog\/wp-json\/wp\/v2\/media\/491"}],"wp:attachment":[{"href":"https:\/\/www.absoft.it\/blog\/wp-json\/wp\/v2\/media?parent=612"}],"wp:term":[{"taxonomy":"category","embeddable":true,"href":"https:\/\/www.absoft.it\/blog\/wp-json\/wp\/v2\/categories?post=612"},{"taxonomy":"post_tag","embeddable":true,"href":"https:\/\/www.absoft.it\/blog\/wp-json\/wp\/v2\/tags?post=612"}],"curies":[{"name":"wp","href":"https:\/\/api.w.org\/{rel}","templated":true}]}}